{"id":1074,"date":"2019-10-13T19:29:52","date_gmt":"2019-10-13T17:29:52","guid":{"rendered":"https:\/\/www.villalanducci.it\/?page_id=1074"},"modified":"2023-10-26T18:20:43","modified_gmt":"2023-10-26T16:20:43","slug":"dintorni","status":"publish","type":"page","link":"https:\/\/www.villalanducci.it\/de\/dintorni\/","title":{"rendered":"Umgebung"},"content":{"rendered":"<section class=\"wpb-content-wrapper\"><p>[vc_row][vc_column][vc_empty_space][vc_column_text]Villa Landucci ist ein gepflegtes Bed&#038;Breakfast und liegt in einer ruhiger aber auch strategische Lage. Von hier aus k\u00f6nnen Sie nicht nur die Sch\u00f6nheiten der Stadt sondern auch die Umgebung besichtigen. Unser Bed&#038;Breakfast liegt nur 2 Km von der Porta del Paradiso im Herzen der Stadt entfernt und ist ein ausgezeichneter Ausgangpunkt um Florenz, Chianti und sein charakteristischen D\u00f6rfen zu entdecken. Der Stadtteil, in dem sich Villa Landucci befindet, ist immer noch von Florentiner bewohnt und die Atmosph\u00e4re ist unverf\u00e4hlschter und weniger touristich als im Stadtzentrum. In jedem Fall kann das Zentrum duch einen kurzen sehr angenehmen Spaziergang erreicht werden.<br \/>\nIn der Umgebung von Florenz gibt es gro\u00dfe und kleine St\u00e4dte, die sehr interessant f\u00fcr ihre gastronomische, kunstlische und kulturelle Exzelenz zu besuchen sind.<br \/>\nFangen wir mit der <u>Impruneta<\/u> an. Der Name der Stadt ist mit Terracotta verwandt. Es gibt immer noch \u00d6fen, die noch die produktionstechnik aus dem Jahr 1098 verwenden. Diese handwerklichen Werkst\u00e4tten sind sowohl f\u00fcr Besuche als auch f\u00fcr Eink\u00e4ufe \u00f6ffentlich zug\u00e4nglich.<br \/>\n<u>Strada in Chianti:<\/u> dieses Land hat eine der besten Pastafabriken in Italien, die historische Handwerken-Pastafabrik Fabbri, von der Sie auch das kleine Museum besuhen k\u00f6nnen.<br \/>\n<u>San Casciano Val di Pesa:<\/u> hier ist das Haus \u201cIl principe\u201d (der Prinz) Niccol\u00f2 Machiavelli, die Schl\u00f6sser und die romanische Kirchen.<br \/>\n<u>Greve in Chianti:<\/u> hauptstadt des Chianti Classico, mit dem wunderbaren zentralen Platz; handwerksbetriebe f\u00fcr handgewebte K\u00f6rbe und Olivenholz Handwerk.<br \/>\n<u>Montefioralle:<\/u> das mittelalterliche Dorf Montefioralle ist bekannt als einer der sch\u00f6nsten in Italien. Diese kleine Stadt ist die Heimat von Amerigo Vespucci.<br \/>\n<u>Panzano:<\/u> in der n\u00e4he von Greve liegt Panzano. Panzano ist ber\u00fchmt f\u00fcr seine landwirtschaftliche und weinproduktion. Heimat des ber\u00fchmten \u201cFlorentiner Steaks\u201d.<br \/>\n<u>Bargino:<\/u> sitz des Kellers Antinori und die wertvolle Abtei von Passignano, Juwel der mittelalterlichen Kunst.<br \/>\nJeder Gast kann Reiserouten w\u00e4hlen, die seinen Interessen entsprechen und jeden Tag charakteristische und ungew\u00f6hliche Wege entdecken.<br \/>\nSie k\u00f6nnen immer verschiedene Aktivit\u00e4ten unternehmen und die Spezialit\u00e4ten des Gebiets probieren.<br \/>\nDas alles ist Villa Landucci: eine langsamer, lokaler und ausgezeichneter Touristenangebot, die auf die Philosophie des \u201cEssens und Weines Tourismus\u201d bezieht.[\/vc_column_text][vc_empty_space][\/vc_column][\/vc_row]<\/p>\n<\/section>","protected":false},"excerpt":{"rendered":"<p>[vc_row][vc_column][vc_empty_space][vc_column_text]Villa Landucci ist ein gepflegtes Bed&#038;Breakfast und liegt in einer ruhiger aber auch strategische Lage. Von hier aus k\u00f6nnen Sie nicht nur die Sch\u00f6nheiten der Stadt sondern auch die Umgebung besichtigen. Unser Bed&#038;Breakfast liegt nur 2 Km von der Porta del Paradiso im Herzen der Stadt entfernt und ist ein ausgezeichneter Ausgangpunkt um Florenz, Chianti [&hellip;]<\/p>\n","protected":false},"author":1,"featured_media":0,"parent":0,"menu_order":0,"comment_status":"closed","ping_status":"closed","template":"","meta":{"_monsterinsights_skip_tracking":false,"_monsterinsights_sitenote_active":false,"_monsterinsights_sitenote_note":"","_monsterinsights_sitenote_category":0,"footnotes":""},"class_list":["post-1074","page","type-page","status-publish","hentry"],"_links":{"self":[{"href":"https:\/\/www.villalanducci.it\/de\/wp-json\/wp\/v2\/pages\/1074","targetHints":{"allow":["GET"]}}],"collection":[{"href":"https:\/\/www.villalanducci.it\/de\/wp-json\/wp\/v2\/pages"}],"about":[{"href":"https:\/\/www.villalanducci.it\/de\/wp-json\/wp\/v2\/types\/page"}],"author":[{"embeddable":true,"href":"https:\/\/www.villalanducci.it\/de\/wp-json\/wp\/v2\/users\/1"}],"replies":[{"embeddable":true,"href":"https:\/\/www.villalanducci.it\/de\/wp-json\/wp\/v2\/comments?post=1074"}],"version-history":[{"count":13,"href":"https:\/\/www.villalanducci.it\/de\/wp-json\/wp\/v2\/pages\/1074\/revisions"}],"predecessor-version":[{"id":13550,"href":"https:\/\/www.villalanducci.it\/de\/wp-json\/wp\/v2\/pages\/1074\/revisions\/13550"}],"wp:attachment":[{"href":"https:\/\/www.villalanducci.it\/de\/wp-json\/wp\/v2\/media?parent=1074"}],"curies":[{"name":"wp","href":"https:\/\/api.w.org\/{rel}","templated":true}]}}