{"id":1084,"date":"2019-10-13T19:31:49","date_gmt":"2019-10-13T17:31:49","guid":{"rendered":"https:\/\/www.villalanducci.it\/?page_id=1084"},"modified":"2023-10-26T18:20:08","modified_gmt":"2023-10-26T16:20:08","slug":"esperienze-fiorentine","status":"publish","type":"page","link":"https:\/\/www.villalanducci.it\/de\/esperienze-fiorentine\/","title":{"rendered":"Florentiner Erlebnisse"},"content":{"rendered":"<section class=\"wpb-content-wrapper\"><p>[vc_row][vc_column][vc_empty_space][\/vc_column][\/vc_row][vc_row][vc_column width=&#8220;1\/3&#8243;][vc_single_image image=&#8220;1980&#8243; img_size=&#8220;full&#8220; alignment=&#8220;center&#8220;][\/vc_column][vc_column width=&#8220;2\/3&#8243;][vc_column_text]<\/p>\n<h1>Villa Landucci Erfahrungen<\/h1>\n<p>[\/vc_column_text][vc_column_text]Es k\u00f6nnen interne Kochkurse von professionellen K\u00f6chen gehalten\u00a0\u00a0 organisiert werden. Wein oder K\u00e4severkostungen, Aktivit\u00e4ten zur Entdeckung von Lebensmitteln und Geschichten im Zusammenhang mit florentinischen kulinarischen Traditionen. Es werder danach monatliche gesellige Abendessen mit dem Kuchenchef, der alle seine Geheimnisse \u00fcber die vorgeschlagenen Rezepte preisgibt. All dies ohne zu vergessen da\u00df der Service, nicht die Struktur, macht ein 5-Sterne-Aufenthalt. K\u00f6nnen wir uns vielleicht die chance entgehen lassen, ein pers\u00f6nliches SPA, zum beispiel einen Jogakurs oder eine Massage unter dem Pavillon zu haben?[\/vc_column_text][\/vc_column][\/vc_row][vc_row][vc_column][vc_empty_space][\/vc_column][\/vc_row][vc_row][vc_column width=&#8220;1\/3&#8243;][vc_single_image image=&#8220;1626&#8243; img_size=&#8220;full&#8220; alignment=&#8220;center&#8220;][\/vc_column][vc_column width=&#8220;2\/3&#8243;][vc_column_text]<\/p>\n<h1>Essen<\/h1>\n<p>[\/vc_column_text][vc_column_text]Mit der Unterst\u00fctzung unserer K\u00fcchenchef-Partner k\u00f6nnen Sie an einer Lektion in unserer Einrichtung teilnehmen um die italienische K\u00fcche kennerzulernen.<br \/>\nJe nach K\u00fcchenchef gibt es mehrere Optionen zur Verf\u00fcgung: Pasta machen\u00a0 mit der Zubereitung von verschiedenen Arten frischen Teigwaren und nat\u00fcrlich seine Gew\u00fcrzen oder Sauce.<br \/>\nOder, Italienisches Abendessen mit der Zubereitung einer Vorspeise, einer ersten frischen Pasta und einer zweiten. Der Nachtisch vervolst\u00e4ndigt beide L\u00f6sungen.[\/vc_column_text][\/vc_column][\/vc_row][vc_row][vc_column][vc_empty_space][\/vc_column][\/vc_row][vc_row][vc_column width=&#8220;1\/3&#8243;][vc_single_image image=&#8220;1628&#8243; img_size=&#8220;full&#8220; alignment=&#8220;center&#8220;][\/vc_column][vc_column width=&#8220;2\/3&#8243;][vc_column_text]<\/p>\n<h1>Villa Landucci Social Dinner<\/h1>\n<p>[\/vc_column_text][vc_column_text]Auf Wunsch unserer Kunden wird ein thematiches Abendessen mit einem K\u00fcchenchef organisiert, der Rezepte und Methoden sowie Legenden \u00fcber die angebotenen Gerichte teilt. Diese Abendessen sollen es den G\u00e4sten erm\u00f6glichen, in einer intimen und komfortablen Umgebung Kontakte zu kn\u00fcpfen und eine Atmosph\u00e4re zu erleben, die den f\u00fcr die feiertage typischen Familienessen \u00e4hnelt.[\/vc_column_text][\/vc_column][\/vc_row][vc_row][vc_column][vc_empty_space][\/vc_column][\/vc_row][vc_row][vc_column width=&#8220;1\/3&#8243;][vc_single_image image=&#8220;1878&#8243; img_size=&#8220;full&#8220; alignment=&#8220;center&#8220;][\/vc_column][vc_column width=&#8220;2\/3&#8243;][vc_column_text]<\/p>\n<h1>Aktivit\u00e4t in Florenz<\/h1>\n<p>[\/vc_column_text][vc_column_text]Die Stadt ist nicht nur Kunst und Museen sondern es gibt auch viele Kunstandwerksl\u00e4den, kleinere Museen und kleine Geheimnisse.<br \/>\nViele Handwerker teilen ihre Erfahrungen und technischen mit unseren Einrichtungen, um eine einzigartigen und unvergesslichen Aufenthalt zu verbringen.<br \/>\nM\u00f6chten Sie sich ein Juwel vor den Augen Ihres Partners schaffen?Oder ein Gem\u00e4lde restaurieren oder ein Fresko anfertigen? Wollen Sie\u00a0 in die Geschichte von Florenz spazieren und unter dem Gips der modernen Stadt schauen?<br \/>\nFrag einfach![\/vc_column_text][\/vc_column][\/vc_row][vc_row][vc_column][vc_empty_space][\/vc_column][\/vc_row][vc_row][vc_column width=&#8220;1\/3&#8243;][vc_single_image image=&#8220;1760&#8243; img_size=&#8220;full&#8220; alignment=&#8220;center&#8220;][\/vc_column][vc_column width=&#8220;2\/3&#8243;][vc_column_text]<\/p>\n<h1>Essen Tour<\/h1>\n<p>[\/vc_column_text][vc_column_text]<\/p>\n<p class=\"Standard\">Ein Spaziergang durch die Stra\u00dfen der Stadt, um typische florentinische Produkte zu entdecken. Ein besuch auf dem Markt von S. Ambrogio oder San Lorenzo der besuch in einer Weinhandlung, der fabelafte florentinische Schokoladenkuchen, die spezialit\u00e4ten von Fabio Picchi und viele andere \u00fcberraschungen.<\/p>\n<p>[\/vc_column_text][\/vc_column][\/vc_row][vc_row][vc_column][vc_empty_space][\/vc_column][\/vc_row][vc_row][vc_column width=&#8220;1\/3&#8243;][vc_single_image image=&#8220;1881&#8243; img_size=&#8220;full&#8220; alignment=&#8220;center&#8220;][\/vc_column][vc_column width=&#8220;2\/3&#8243;][vc_column_text]<\/p>\n<h1>Weinprobe<\/h1>\n<p>[\/vc_column_text][vc_column_text]Eine Verkostung von drei Weinen aus der Region, begleitet von kleinen Proben von zerkleinertem Fleisch und Aufschnitt. Sie k\u00f6nnen mit erfahrenen Someliers oder mit einem Weinliebhaber organisiert werden, der mehr als aus historischer und technischer Sicht die Weinprobe erkl\u00e4rt.[\/vc_column_text][\/vc_column][\/vc_row][vc_row][vc_column][vc_empty_space][\/vc_column][\/vc_row][vc_row][vc_column width=&#8220;1\/3&#8243;][vc_single_image image=&#8220;1990&#8243; img_size=&#8220;full&#8220; alignment=&#8220;center&#8220;][\/vc_column][vc_column width=&#8220;2\/3&#8243;][vc_column_text]<\/p>\n<h1>&#8211;<\/h1>\n<p>[\/vc_column_text][vc_column_text]-[\/vc_column_text][\/vc_column][\/vc_row][vc_row][vc_column][vc_empty_space][\/vc_column][\/vc_row][vc_row][vc_column width=&#8220;1\/3&#8243;][vc_single_image image=&#8220;1884&#8243; img_size=&#8220;full&#8220; alignment=&#8220;center&#8220;][\/vc_column][vc_column width=&#8220;2\/3&#8243;][vc_column_text]<\/p>\n<h1>Sport<\/h1>\n<p>[\/vc_column_text][vc_column_text]Das Stadion ist nur einen kurzen Spaziergang vom Bed&#038;Breakfast entfernt. Wir sind mit sicherheit eine privilegierte Struktur f\u00fcr alle Fans, die sich ein Fu\u00dfballspiel ansehen m\u00f6chten. Wir haben Pakete speziell f\u00fcr Fans zusammengestellt, einschie\u00dflich Unterkunft und Eintrittskarten f\u00fcr das Stadion am VIP-Stand mit schnellem Zugang und Zugang zur Lounge.[\/vc_column_text][\/vc_column][\/vc_row][vc_row][vc_column][vc_empty_space][\/vc_column][\/vc_row]<\/p>\n<\/section>","protected":false},"excerpt":{"rendered":"<p>[vc_row][vc_column][vc_empty_space][\/vc_column][\/vc_row][vc_row][vc_column width=&#8220;1\/3&#8243;][vc_single_image image=&#8220;1980&#8243; img_size=&#8220;full&#8220; alignment=&#8220;center&#8220;][\/vc_column][vc_column width=&#8220;2\/3&#8243;][vc_column_text] Villa Landucci Erfahrungen [\/vc_column_text][vc_column_text]Es k\u00f6nnen interne Kochkurse von professionellen K\u00f6chen gehalten\u00a0\u00a0 organisiert werden. Wein oder K\u00e4severkostungen, Aktivit\u00e4ten zur Entdeckung von Lebensmitteln und Geschichten im Zusammenhang mit florentinischen kulinarischen Traditionen. Es werder danach monatliche gesellige Abendessen mit dem Kuchenchef, der alle seine Geheimnisse \u00fcber die vorgeschlagenen Rezepte preisgibt. All dies [&hellip;]<\/p>\n","protected":false},"author":1,"featured_media":0,"parent":0,"menu_order":0,"comment_status":"closed","ping_status":"closed","template":"","meta":{"_monsterinsights_skip_tracking":false,"_monsterinsights_sitenote_active":false,"_monsterinsights_sitenote_note":"","_monsterinsights_sitenote_category":0,"footnotes":""},"class_list":["post-1084","page","type-page","status-publish","hentry"],"_links":{"self":[{"href":"https:\/\/www.villalanducci.it\/de\/wp-json\/wp\/v2\/pages\/1084","targetHints":{"allow":["GET"]}}],"collection":[{"href":"https:\/\/www.villalanducci.it\/de\/wp-json\/wp\/v2\/pages"}],"about":[{"href":"https:\/\/www.villalanducci.it\/de\/wp-json\/wp\/v2\/types\/page"}],"author":[{"embeddable":true,"href":"https:\/\/www.villalanducci.it\/de\/wp-json\/wp\/v2\/users\/1"}],"replies":[{"embeddable":true,"href":"https:\/\/www.villalanducci.it\/de\/wp-json\/wp\/v2\/comments?post=1084"}],"version-history":[{"count":36,"href":"https:\/\/www.villalanducci.it\/de\/wp-json\/wp\/v2\/pages\/1084\/revisions"}],"predecessor-version":[{"id":1585,"href":"https:\/\/www.villalanducci.it\/de\/wp-json\/wp\/v2\/pages\/1084\/revisions\/1585"}],"wp:attachment":[{"href":"https:\/\/www.villalanducci.it\/de\/wp-json\/wp\/v2\/media?parent=1084"}],"curies":[{"name":"wp","href":"https:\/\/api.w.org\/{rel}","templated":true}]}}