{"id":1326,"date":"2019-10-20T10:11:32","date_gmt":"2019-10-20T08:11:32","guid":{"rendered":"https:\/\/www.villalanducci.it\/?page_id=1326"},"modified":"2023-10-26T18:19:29","modified_gmt":"2023-10-26T16:19:29","slug":"esperienze","status":"publish","type":"page","link":"https:\/\/www.villalanducci.it\/de\/esperienze\/","title":{"rendered":"Erlebnisse"},"content":{"rendered":"<section class=\"wpb-content-wrapper\"><p>[vc_row full_width=&#8220;stretch_row_content_no_spaces&#8220;][vc_column][vc_single_image image=&#8220;1252&#8243; img_size=&#8220;full&#8220; alignment=&#8220;center&#8220;][\/vc_column][\/vc_row][vc_row][vc_column][vc_empty_space][vc_column_text]Als Teil des Netzwerks von Florence on Call die Villa Landucci G\u00e4ste k\u00f6nnen die Erfahrung und die Geheimnisse genissen, die unsere Concierges in ihren zwanzig Jahren Erfahrung kennen. Eine \u00dcberraschung f\u00fcr den partner zu organisieren oder ein Geheimnis aus der Stadt zu finden, ist einfacher als was Sie vorstellen k\u00f6nnen.[\/vc_column_text][\/vc_column][\/vc_row][vc_row full_width=&#8220;stretch_row&#8220;][vc_column css=&#8220;.vc_custom_1462867913397{margin-top: 0.85rem !important;margin-bottom: 1.5rem !important;}&#8220;][vc_empty_space][vc_row_inner][vc_column_inner width=&#8220;1\/2&#8243;][vc_single_image image=&#8220;1976&#8243; img_size=&#8220;full&#8220; alignment=&#8220;center&#8220; onclick=&#8220;custom_link&#8220; link=&#8220;https:\/\/www.villalanducci.it\/de\/esperienze-fiorentine\/&#8220;][vc_column_text]<\/p>\n<h5 style=\"text-align: center;\">Florentiner Erlebnisse<\/h5>\n<p>[\/vc_column_text][vc_empty_space][\/vc_column_inner][vc_column_inner width=&#8220;1\/2&#8243;][vc_single_image image=&#8220;1581&#8243; img_size=&#8220;full&#8220; alignment=&#8220;center&#8220; onclick=&#8220;custom_link&#8220; link=&#8220;https:\/\/www.villalanducci.it\/de\/esperienze-toscane\/&#8220;][vc_column_text]<\/p>\n<h5 style=\"text-align: center;\">Toskanische Erlebnisse<\/h5>\n<p>[\/vc_column_text][vc_empty_space][\/vc_column_inner][\/vc_row_inner][vc_row_inner][vc_column_inner width=&#8220;1\/2&#8243;][vc_single_image image=&#8220;1917&#8243; img_size=&#8220;full&#8220; alignment=&#8220;center&#8220; onclick=&#8220;custom_link&#8220; link=&#8220;https:\/\/www.villalanducci.it\/de\/esperienze-su-misura\/&#8220;][vc_column_text]<\/p>\n<h5 style=\"text-align: center;\">Personaliserte Erlebnisse<\/h5>\n<p>[\/vc_column_text][vc_empty_space][\/vc_column_inner][vc_column_inner width=&#8220;1\/2&#8243;][vc_single_image image=&#8220;13249&#8243; img_size=&#8220;full&#8220; alignment=&#8220;center&#8220; onclick=&#8220;custom_link&#8220; link=&#8220;https:\/\/www.villalanducci.it\/de\/group-tour\/&#8220;][vc_column_text]<\/p>\n<h5 style=\"text-align: center;\">Group Tour<\/h5>\n<p>[\/vc_column_text][vc_empty_space][\/vc_column_inner][\/vc_row_inner][\/vc_column][\/vc_row][vc_row full_width=&#8220;stretch_row_content_no_spaces&#8220;][vc_column css=&#8220;.vc_custom_1573045835674{margin-top: 0.85rem !important;}&#8220;][vc_single_image image=&#8220;1204&#8243; img_size=&#8220;full&#8220; alignment=&#8220;center&#8220;][\/vc_column][\/vc_row]<\/p>\n<\/section>","protected":false},"excerpt":{"rendered":"<p>[vc_row full_width=&#8220;stretch_row_content_no_spaces&#8220;][vc_column][vc_single_image image=&#8220;1252&#8243; img_size=&#8220;full&#8220; alignment=&#8220;center&#8220;][\/vc_column][\/vc_row][vc_row][vc_column][vc_empty_space][vc_column_text]Als Teil des Netzwerks von Florence on Call die Villa Landucci G\u00e4ste k\u00f6nnen die Erfahrung und die Geheimnisse genissen, die unsere Concierges in ihren zwanzig Jahren Erfahrung kennen. Eine \u00dcberraschung f\u00fcr den partner zu organisieren oder ein Geheimnis aus der Stadt zu finden, ist einfacher als was Sie vorstellen k\u00f6nnen.[\/vc_column_text][\/vc_column][\/vc_row][vc_row full_width=&#8220;stretch_row&#8220;][vc_column [&hellip;]<\/p>\n","protected":false},"author":1,"featured_media":0,"parent":0,"menu_order":0,"comment_status":"closed","ping_status":"closed","template":"","meta":{"_monsterinsights_skip_tracking":false,"_monsterinsights_sitenote_active":false,"_monsterinsights_sitenote_note":"","_monsterinsights_sitenote_category":0,"footnotes":""},"class_list":["post-1326","page","type-page","status-publish","hentry"],"_links":{"self":[{"href":"https:\/\/www.villalanducci.it\/de\/wp-json\/wp\/v2\/pages\/1326","targetHints":{"allow":["GET"]}}],"collection":[{"href":"https:\/\/www.villalanducci.it\/de\/wp-json\/wp\/v2\/pages"}],"about":[{"href":"https:\/\/www.villalanducci.it\/de\/wp-json\/wp\/v2\/types\/page"}],"author":[{"embeddable":true,"href":"https:\/\/www.villalanducci.it\/de\/wp-json\/wp\/v2\/users\/1"}],"replies":[{"embeddable":true,"href":"https:\/\/www.villalanducci.it\/de\/wp-json\/wp\/v2\/comments?post=1326"}],"version-history":[{"count":28,"href":"https:\/\/www.villalanducci.it\/de\/wp-json\/wp\/v2\/pages\/1326\/revisions"}],"predecessor-version":[{"id":13254,"href":"https:\/\/www.villalanducci.it\/de\/wp-json\/wp\/v2\/pages\/1326\/revisions\/13254"}],"wp:attachment":[{"href":"https:\/\/www.villalanducci.it\/de\/wp-json\/wp\/v2\/media?parent=1326"}],"curies":[{"name":"wp","href":"https:\/\/api.w.org\/{rel}","templated":true}]}}