{"id":13356,"date":"2021-04-22T00:33:03","date_gmt":"2021-04-21T22:33:03","guid":{"rendered":"https:\/\/www.villalanducci.it\/?page_id=13356"},"modified":"2021-04-23T08:32:45","modified_gmt":"2021-04-23T06:32:45","slug":"villa-la-monta","status":"publish","type":"page","link":"https:\/\/www.villalanducci.it\/de\/villa-la-monta\/","title":{"rendered":"Villa la Monta"},"content":{"rendered":"<section class=\"wpb-content-wrapper\"><p>[vc_row full_width=&#8220;stretch_row_content_no_spaces&#8220;][vc_column][vc_single_image image=&#8220;1252&#8243; img_size=&#8220;full&#8220; alignment=&#8220;center&#8220;][\/vc_column][\/vc_row][vc_row][vc_column][vc_empty_space][\/vc_column][\/vc_row][vc_row][vc_column][vc_column_text]Villa La Monta liegt mitten im Cintoia Tal, ihren Namen erhielt sie von einer historischen Aktivit\u00e4t, die in diesem als \u201cCasa del Toro\u201d genutzten Bauernhaus durchgef\u00fchrt wurde, alle F\u00e4rsen der Region wurden hier zur saisonalen Paarung hinbegleitet. Die Steine, auf denen die Winde montiert war, um den Stier zu bewegen, sind heute noch deutlich sichtbar.<br \/>\nVon den Fenstern des Saales, zu Teilen in Wald eingetaucht, sehen Sie die alten Mauern des alten Schlosses von Cintoia, das seit \u00fcber 800 Jahren \u00fcber das Tal wacht.<br \/>\nVilla la Monta wurde vor einigen Jahren von einer bedeutenden florentinischen Familie renoviert und \u00f6ffnet ihre Zimmer als Unterkunft im Chianti, nicht weit von Florenz entfernt.<br \/>\nBestehend aus 4 Zimmern \u2013 jedes mit eigenem Bad &#8211; einer gro\u00dfen K\u00fcche und einem Wohnzimmer mit Eckkamin, erm\u00f6glicht sie, Entspannung und Stille des Chiantis im eigenen Garten von \u00fcber 400 m\u00b2. Swimmingpool und\u00a0 Au\u00dfenterrasse mit Pergola geben au\u00dferdem die M\u00f6glichkeit herrliche Aperitifs und sommerliche Grillabende zu genie\u00dfen.<br \/>\nDie Olivenb\u00e4ume rund um den Pool und im Garten geben eine typische Note und erm\u00f6glichen es, \u201cunser \u00d6l\u201d zu haben.<br \/>\nDer logistische Komfort wie schnelle Verbindung, Smart-TV und WLAN im gesamten Geb\u00e4ude verwandeln die Villa La Monta in eine Struktur, von der aus Sie remote arbeiten und ihren Urlaub, inmitten der f\u00fcr die Landschaft typischen Ruhe und Ger\u00e4usche, genie\u00dfen k\u00f6nnen.<br \/>\nDas Tal ist von unbefestigten Stra\u00dfen und Fu\u00dfwegen durchquert, die sich zu einem Ring von etwa 13 km L\u00e4nge mit einem H\u00f6henunterschied von etwa 600 Metern verbinden.<br \/>\nWir warten auf Sie, um Ihnen die Sch\u00f6nheit dieses herrlichen Chianti-Tals vorzustellen.[\/vc_column_text][\/vc_column][\/vc_row][vc_row][vc_column][vc_empty_space][\/vc_column][\/vc_row][vc_row][vc_column width=&#8220;2\/3&#8243;][vc_single_image image=&#8220;13370&#8243; img_size=&#8220;full&#8220; alignment=&#8220;center&#8220;][vc_empty_space height=&#8220;12px&#8220;][vc_single_image image=&#8220;13371&#8243; img_size=&#8220;full&#8220; alignment=&#8220;center&#8220;][\/vc_column][vc_column width=&#8220;1\/3&#8243;][vc_single_image image=&#8220;13372&#8243; img_size=&#8220;full&#8220; alignment=&#8220;center&#8220;][\/vc_column][\/vc_row][vc_row][vc_column][vc_empty_space][\/vc_column][\/vc_row]<\/p>\n<\/section>","protected":false},"excerpt":{"rendered":"<p>[vc_row full_width=&#8220;stretch_row_content_no_spaces&#8220;][vc_column][vc_single_image image=&#8220;1252&#8243; img_size=&#8220;full&#8220; alignment=&#8220;center&#8220;][\/vc_column][\/vc_row][vc_row][vc_column][vc_empty_space][\/vc_column][\/vc_row][vc_row][vc_column][vc_column_text]Villa La Monta liegt mitten im Cintoia Tal, ihren Namen erhielt sie von einer historischen Aktivit\u00e4t, die in diesem als \u201cCasa del Toro\u201d genutzten Bauernhaus durchgef\u00fchrt wurde, alle F\u00e4rsen der Region wurden hier zur saisonalen Paarung hinbegleitet. Die Steine, auf denen die Winde montiert war, um den Stier zu bewegen, sind [&hellip;]<\/p>\n","protected":false},"author":1,"featured_media":0,"parent":0,"menu_order":0,"comment_status":"closed","ping_status":"closed","template":"","meta":{"_monsterinsights_skip_tracking":false,"_monsterinsights_sitenote_active":false,"_monsterinsights_sitenote_note":"","_monsterinsights_sitenote_category":0,"footnotes":""},"class_list":["post-13356","page","type-page","status-publish","hentry"],"_links":{"self":[{"href":"https:\/\/www.villalanducci.it\/de\/wp-json\/wp\/v2\/pages\/13356","targetHints":{"allow":["GET"]}}],"collection":[{"href":"https:\/\/www.villalanducci.it\/de\/wp-json\/wp\/v2\/pages"}],"about":[{"href":"https:\/\/www.villalanducci.it\/de\/wp-json\/wp\/v2\/types\/page"}],"author":[{"embeddable":true,"href":"https:\/\/www.villalanducci.it\/de\/wp-json\/wp\/v2\/users\/1"}],"replies":[{"embeddable":true,"href":"https:\/\/www.villalanducci.it\/de\/wp-json\/wp\/v2\/comments?post=13356"}],"version-history":[{"count":18,"href":"https:\/\/www.villalanducci.it\/de\/wp-json\/wp\/v2\/pages\/13356\/revisions"}],"predecessor-version":[{"id":13378,"href":"https:\/\/www.villalanducci.it\/de\/wp-json\/wp\/v2\/pages\/13356\/revisions\/13378"}],"wp:attachment":[{"href":"https:\/\/www.villalanducci.it\/de\/wp-json\/wp\/v2\/media?parent=13356"}],"curies":[{"name":"wp","href":"https:\/\/api.w.org\/{rel}","templated":true}]}}