{"id":301,"date":"2016-05-06T13:23:18","date_gmt":"2016-05-06T13:23:18","guid":{"rendered":"http:\/\/melody.ancorathemes.com\/?page_id=301"},"modified":"2024-02-27T11:28:26","modified_gmt":"2024-02-27T10:28:26","slug":"home","status":"publish","type":"page","link":"https:\/\/www.villalanducci.it\/de\/","title":{"rendered":"Home"},"content":{"rendered":"<section class=\"wpb-content-wrapper\"><p>[vc_row full_width=&#8220;stretch_row_content_no_spaces&#8220;][vc_column][rev_slider_vc alias=&#8220;home-deu2&#8243;][\/vc_column][\/vc_row][vc_row full_width=&#8220;stretch_row&#8220; el_class=&#8220;booking_engine&#8220; css=&#8220;.vc_custom_1572902910344{background-color: #f7f7f7 !important;}&#8220;][vc_column css=&#8220;.vc_custom_1572902903443{padding-top: 0px !important;}&#8220;][vc_column_text el_class=&#8220;engine&#8220;]<script class=\"kas_online_reception\" src=\"https:\/\/wubook.net\/js\/nebk\/bwidget.jgz\" data-wid=\"bfa8ed50-d6b1-4bb8-8a3b-dc3c872b991a\"><\/script> [\/vc_column_text][vc_empty_space][vc_row_inner][vc_column_inner width=&#8220;3\/4&#8243;][vc_column_text css=&#8220;.vc_custom_1574897978679{background-color: #f7f7f7 !important;}&#8220;]Das Gourmet Bed and Breakfast Villa Landucci ist aus dem Wunsch der Florence on Call geboren, da\u00df hei\u00dft ein Ort wo es m\u00f6glich ist, die Ess und Weinkultur mit dem Wissen der Stadt und der Umgebung kombinieren werden kann. Wir f\u00f6rdern lokale Speisen und Weine, da\u00df hei\u00dft wir konzentrieren uns auf die Qualit\u00e4t der kleinen lokalen Produzenten: nicht nur gesundes und Biofr\u00fcst\u00fcck sondern auch ein Weinkeller mit lokalen Weinen und eine Buchhandlung in der Sie Koch-und-Essen und Weinb\u00fccher sowie Zeitschriften finden. Dar\u00fcber hinaus Vergessen wir nicht die handwerklichen Spitzenleistungen, die man in Florenz und in der Umgebung finden kann.<br \/>\nDie Villa ist mit Raffinesse eingerichtet. Es ist auf zwei Etagen auf einer Gesamtfl\u00e4che von 280 mq verteilt. Ein Garten von 100 mq und privat Parkpl\u00e4tze, der durch ein Tor zug\u00e4nglich ist. Die Villa bietet auch R\u00e4ume f\u00fcr kleine Events.<br \/>\nAlle Zimmer sind sehr gro\u00df und mit eine kleine Terrasse mit Blick auf den Garten oder einem Balkon mit S\u00e4ulen und Sofa.<br \/>\nDie Villa wurde 1930 in einer Stra\u00dfe erbaut die dem historischen florentinischen Apotheker der Renaissance Luca Landucci gewidmet war. Villa Landucci liegt in der N\u00e4he von Gioberti Stra\u00dfe, nur zwei kilometer von Dom, eine perfekte Lage um sowohl das Zentrum, als Fiesole, als auch die toskanische Landschaft leicht erreichen m\u00f6glich ist.[\/vc_column_text][\/vc_column_inner][vc_column_inner width=&#8220;1\/4&#8243;][vc_single_image image=&#8220;13545&#8243; img_size=&#8220;full&#8220; alignment=&#8220;center&#8220;][\/vc_column_inner][\/vc_row_inner][vc_empty_space][vc_row_inner][vc_column_inner width=&#8220;1\/6&#8243;][vc_column_text]<\/p>\n<div id=\"TA_certificateOfExcellence112\" class=\"TA_certificateOfExcellence\">\n<ul id=\"FffP0JE9\" class=\"TA_links MZagClARU\">\n<li id=\"ZFQy8i\" class=\"eoKQ9ojYbG\"><a href=\"https:\/\/www.tripadvisor.com\/Hotel_Review-g187895-d3417075-Reviews-Gourmet_B_B_Villa_Landucci-Florence_Tuscany.html\" target=\"_blank\" rel=\"noopener\"><img decoding=\"async\" id=\"CDSWIDCOELOGO\" class=\"widCOEImg\" src=\"https:\/\/static.tacdn.com\/img2\/travelers_choice\/widgets\/tchotel_2022_L.png\" alt=\"TripAdvisor\" \/><\/a><\/li>\n<\/ul>\n<\/div>\n<p><script src=\"https:\/\/www.jscache.com\/wejs?wtype=certificateOfExcellence&#038;uniq=112&#038;locationId=3417075&#038;lang=en_US&#038;year=2022&#038;display_version=2\" async=\"\" data-loadtrk=\"\"><\/script>[\/vc_column_text][\/vc_column_inner][vc_column_inner width=&#8220;1\/6&#8243;][vc_column_text]<\/p>\n<div style=\"width: 160px; height: 178px; position: relative; font-family: 'Open Sans', sans-serif; font-weight: bold; text-align: center; background: url('http:\/\/www.hotelscombined.com\/res\/images\/horizon\/marketing\/hcbadges\/badge-no-rating.png?v=84b59221da4cee159e0f545d4f319cad68b0475c&#038;cluster=5') no-repeat center; background-size: contain;\"><a style=\"position: absolute; display: flex; justify-content: center; align-items: center; font-size: 13px; line-height: 18px; top: 35px; height: 66px; left: 6px; right: 6px; color: #ffffff; text-decoration: none;\" href=\"https:\/\/www.hotelscombined.com\/Hotel\/Gourmet_BB_Villa_Landucci.htm\">Gourmet B&#038;B Villa Landucci<\/a><span style=\"position: absolute; top: 145px; bottom: 9px; left: 16px; right: 16px; font-family: 'Open Sans Condensed', sans-serif; font-size: 11px; line-height: 12px; letter-spacing: 0.1px; color: #ffffff;\">RECOGNITION OF EXCELLENCE 2021 <\/span><\/div>\n<p>[\/vc_column_text][\/vc_column_inner][vc_column_inner width=&#8220;1\/6&#8243;][vc_column_text]<a href=\"http:\/\/www.topbnb.it\" target=\"_blank\" rel=\"nofollow noopener\"><img decoding=\"async\" class=\"aligncenter\" style=\"border: 0;\" src=\"http:\/\/www.topbnb.it\/img\/banner\/topbb-verticale-grigio.png\" \/><\/a>[\/vc_column_text][\/vc_column_inner][vc_column_inner width=&#8220;1\/6&#8243;][vc_column_text]<a href=\"https:\/\/www.kayak.co.uk\/Florence-Hotels-Gourmet-B-B-Villa-Landucci.486347.ksp\" target=\"_blank\" rel=\"noopener\"><img decoding=\"async\" class=\"aligncenter\" src=\"https:\/\/content.r9cdn.net\/seo-res\/badges\/v3\/ORANGE_MEDIUM_TRAVEL_AWARDS.png\" width=\"100px\" height=\"100px\" \/><\/a>[\/vc_column_text][\/vc_column_inner][vc_column_inner width=&#8220;1\/6&#8243;][vc_single_image image=&#8220;13411&#8243; img_size=&#8220;full&#8220; alignment=&#8220;center&#8220;][\/vc_column_inner][vc_column_inner width=&#8220;1\/6&#8243;][vc_single_image image=&#8220;13501&#8243; img_size=&#8220;full&#8220; alignment=&#8220;center&#8220;][\/vc_column_inner][\/vc_row_inner][vc_empty_space][\/vc_column][\/vc_row][vc_row][vc_column css=&#8220;.vc_custom_1462864288916{margin-top: 0.3rem !important;}&#8220;][vc_row_inner][vc_column_inner width=&#8220;1\/2&#8243;][vc_single_image image=&#8220;13520&#8243; img_size=&#8220;full&#8220; alignment=&#8220;center&#8220;][\/vc_column_inner][vc_column_inner width=&#8220;1\/2&#8243;][vc_empty_space][vc_column_text]<\/p>\n<h1 class=\"sc_promo_title sc_item_title\" style=\"text-align: center;\">Willkommen in der Villa Landucci!<\/h1>\n<h6 style=\"text-align: center;\">Laura und Matteo<\/h6>\n<p>[\/vc_column_text][vc_empty_space][vc_column_text]Ich und Laura haben uns 2010 kennengelernt. Wir haben sofort eine Leidenschaft f\u00fcr das Reisen, gutes Essen und die Geschichte von Florenz mit ihren Geheimnissen geteilt. 2016 haben wir das Maximum erreicht: wir konnten in nur 10 Monaten die bekanntesten 5 Museen der Welt besuchen&#8230;. und sowie nat\u00fcrlich die Uffizi.<\/p>\n<p>Meine Karriere im Gastgewerbe beginnt mit der untersten Stufe der Rezeption: im Jahr 1998 war ich der T\u00fcrsteher. Nach nur 6 Jahre bin ich Mitglied der goldenen Schl\u00fcssel und Head Concierge von Hilton Firenze und dann hatte ich verschiedene verantwortungsvolle Positionen im Tornabuoni-Palast. All dies vor meinem eintritt in die Gesch\u00e4ftsf\u00fchrung eines Hotels im Chianti und dann zu beschliessen, dieses neue Abenteuer in der Villa Landucci zu beginnen.<br \/>\nLaura war Handwerkerin in einer kleinen Firma, bevor sie mir bei dieser neunen Idee folgte.[\/vc_column_text][vc_empty_space]<a href=\"chi-siamo\" class=\"sc_button sc_button_square sc_button_style_filled sc_button_size_small aligncenter\">reingehen<\/a>[\/vc_column_inner][\/vc_row_inner][\/vc_column][\/vc_row][vc_row][vc_column][vc_empty_space][\/vc_column][\/vc_row][vc_row full_width=&#8220;stretch_row&#8220; css=&#8220;.vc_custom_1462865672215{background-color: #f7f7f7 !important;}&#8220;][vc_column css=&#8220;.vc_custom_1462867913397{margin-top: 0.85rem !important;margin-bottom: 1.5rem !important;}&#8220;]<a href=\"camere\" class=\"sc_button sc_button_square sc_button_style_filled sc_button_size_small aligncenter\">Unsere zimmer<\/a>[vc_empty_space][vc_row_inner][vc_column_inner width=&#8220;1\/3&#8243;][vc_single_image image=&#8220;1211&#8243; img_size=&#8220;full&#8220; alignment=&#8220;center&#8220; onclick=&#8220;custom_link&#8220; link=&#8220;http:\/\/www.villalanducci.it\/de\/classic\/&#8220;][vc_column_text]<\/p>\n<h5 style=\"text-align: center;\">Classic<\/h5>\n<p>[\/vc_column_text][\/vc_column_inner][vc_column_inner width=&#8220;1\/3&#8243;][vc_single_image image=&#8220;1210&#8243; img_size=&#8220;full&#8220; alignment=&#8220;center&#8220; onclick=&#8220;custom_link&#8220; link=&#8220;http:\/\/www.villalanducci.it\/de\/superior\/&#8220;][vc_column_text]<\/p>\n<h5 style=\"text-align: center;\">Superior<\/h5>\n<p>[\/vc_column_text][\/vc_column_inner][vc_column_inner width=&#8220;1\/3&#8243;][vc_single_image image=&#8220;1431&#8243; img_size=&#8220;full&#8220; alignment=&#8220;center&#8220; onclick=&#8220;custom_link&#8220; link=&#8220;http:\/\/www.villalanducci.it\/de\/deluxe-family\/&#8220;][vc_column_text]<\/p>\n<h5 style=\"text-align: center;\">Deluxe\/Family<\/h5>\n<p>[\/vc_column_text][\/vc_column_inner][\/vc_row_inner][\/vc_column][\/vc_row][vc_row full_width=&#8220;stretch_row_content_no_spaces&#8220;][vc_column css=&#8220;.vc_custom_1571259052709{padding-top: 0px !important;}&#8220;]<div class=\"sc_parallax\" data-parallax-speed=\"0.1\" data-parallax-x-pos=\"50%\" data-parallax-y-pos=\"50%\"><div class=\"sc_parallax_content\" style=\"background-image:url(https:\/\/www.villalanducci.it\/wp-content\/uploads\/2023\/09\/sfondo_galleria.webp); background-position:50% 50%;\"><div class=\"sc_content content_wrap\">[vc_empty_space height=&#8220;250px&#8220;]<a href=\"galleria\" class=\"sc_button sc_button_square sc_button_style_filled sc_button_size_small aligncenter\">fotogalerie<\/a>[vc_empty_space height=&#8220;250px&#8220;]<\/div><\/div><\/div>[\/vc_column][\/vc_row][vc_row][vc_column css=&#8220;.vc_custom_1462879879894{margin-top: 1.15rem !important;}&#8220;]<div class=\"sc_section aligncenter\" style=\"max-width: 1020px;\"><div class=\"sc_section_inner\"><h1 class=\"sc_section_title sc_item_title\">Personal<\/h1><div class=\"sc_section_content_wrap\"><\/div><\/div><\/div>[\/vc_column][\/vc_row][vc_row][vc_column width=&#8220;1\/3&#8243;][vc_single_image image=&#8220;1227&#8243; img_size=&#8220;full&#8220; alignment=&#8220;center&#8220; style=&#8220;vc_box_circle_2&#8243;][vc_column_text]<\/p>\n<h3 style=\"text-align: center;\">Matteo Pierattini<\/h3>\n<p style=\"text-align: center;\">Management<\/p>\n<p>[\/vc_column_text][\/vc_column][vc_column width=&#8220;1\/3&#8243;][vc_single_image image=&#8220;13510&#8243; img_size=&#8220;full&#8220; alignment=&#8220;center&#8220; style=&#8220;vc_box_circle_2&#8243;][vc_column_text]<\/p>\n<h3 style=\"text-align: center;\">David<\/h3>\n<p style=\"text-align: center;\">Kollaborateur<\/p>\n<p>[\/vc_column_text][\/vc_column][vc_column width=&#8220;1\/3&#8243;][vc_single_image image=&#8220;1226&#8243; img_size=&#8220;full&#8220; alignment=&#8220;center&#8220; style=&#8220;vc_box_circle_2&#8243;][vc_column_text]<\/p>\n<h3 style=\"text-align: center;\">Arnel<\/h3>\n<p style=\"text-align: center;\">Kollaborateur<\/p>\n<p>[\/vc_column_text][\/vc_column][\/vc_row][vc_row][vc_column][vc_empty_space][\/vc_column][\/vc_row][vc_row full_width=&#8220;stretch_row_content_no_spaces&#8220;][vc_column css=&#8220;.vc_custom_1571258994515{padding-top: 0px !important;}&#8220;]<div class=\"sc_parallax\" data-parallax-speed=\"0.1\" data-parallax-x-pos=\"50%\" data-parallax-y-pos=\"50%\"><div class=\"sc_parallax_content\" style=\"background-image:url(https:\/\/www.villalanducci.it\/wp-content\/uploads\/2023\/09\/esperienze.webp); background-position:50% 50%;\"><div class=\"sc_content content_wrap\">[vc_empty_space height=&#8220;350px&#8220;]<a href=\"esperienze\" class=\"sc_button sc_button_square sc_button_style_filled sc_button_size_small aligncenter\">Erfahrungen<\/a>[vc_empty_space height=&#8220;50px&#8220;]<\/div><\/div><\/div>[\/vc_column][\/vc_row][vc_row full_width=&#8220;stretch_row_content_no_spaces&#8220; el_class=&#8220;accent1_bg&#8220;][vc_column css=&#8220;.vc_custom_1571294105131{margin-top: 0.5em !important;margin-bottom: 0.55em !important;}&#8220;]<div class=\"sc_content content_wrap\"><div id=\"sc_clients_124873603_wrap\" class=\"sc_clients_wrap\"><div id=\"sc_clients_124873603\" class=\"sc_clients sc_clients_style_clients-1  margin_top_small margin_bottom_small\" style=\"width:100%;\"><div class=\"sc_slider_swiper swiper-slider-container sc_slider_nopagination sc_slider_nocontrols\" data-interval=\"9322\" data-slides-per-view=\"3\" data-slides-min-width=\"100\"><div class=\"slides swiper-wrapper\"><\/div><div class=\"sc_slider_controls_wrap\"><a class=\"sc_slider_prev\" href=\"#\"><\/a><a class=\"sc_slider_next\" href=\"#\"><\/a><\/div><div class=\"sc_slider_pagination_wrap\"><\/div><\/div><\/div><!-- \/.sc_clients --><\/div><!-- \/.sc_clients_wrap --><\/div>[\/vc_column][\/vc_row][vc_row full_width=&#8220;stretch_row_content_no_spaces&#8220; inverse=&#8220;&#8220; css=&#8220;.vc_custom_1571257886196{background-image: url(http:\/\/www.villalanducci.it\/wp-content\/uploads\/2019\/10\/testimonials.jpg?id=1198) !important;}&#8220; el_class=&#8220;dicono&#8220;][vc_column css=&#8220;.vc_custom_1571259115555{padding-top: 0px !important;}&#8220;]<div class=\"sc_content content_wrap margin_top_huge margin_bottom_huge\"><div id=\"sc_testimonials_1471395686\" class=\"sc_testimonials sc_testimonials_style_testimonials-1  no_image\" style=\"width:100%;\"><h2 class=\"sc_testimonials_title sc_item_title\">\u00dcber uns<\/h2><div class=\"sc_slider_swiper swiper-slider-container sc_slider_nopagination sc_slider_controls sc_slider_controls_side\" data-interval=\"6934\" data-slides-min-width=\"250\"><div class=\"slides swiper-wrapper\"><div class=\"swiper-slide\" data-style=\"width:100%;\" style=\"width:100%;\">\t\t\t<div id=\"sc_testimonials_1471395686_1\" class=\"sc_testimonial_item\">\n                                    <div class=\"sc_testimonial_avatar\"><img loading=\"lazy\" decoding=\"async\" class=\"wp-post-image\" width=\"184\" height=\"184\" alt=\"DidierB1695\" src=\"https:\/\/www.villalanducci.it\/wp-content\/uploads\/2019\/11\/ruzickav11.jpg\"><\/div>\n                \t\t\t\t<div class=\"sc_testimonial_content\"><h5>Ausflug nach Firenze<\/h5>\n<p>Sehr freundliche Gastgeber sehr sch\u00f6ne Zimmer. Das Zentrum gut erreichbar zu Fuss. Das Haus bietet auch Parkpl\u00e4tze. Fr\u00fchst\u00fcck Buffet ist sehr gut. Das ihnen Dekoration passt perfekt zu Name des Hauses Top Adresse in Firenze<\/p>\n<\/div>\n\t\t\t\t\t\t\t\t<div class=\"sc_testimonial_author\"><span class=\"sc_testimonial_author_name\">DidierB1695<\/span><\/div>\n\t\t\t\t\t\t\t<\/div>\n\t\t<\/div><div class=\"swiper-slide\" data-style=\"width:100%;\" style=\"width:100%;\">\t\t\t<div id=\"sc_testimonials_1471395686_2\" class=\"sc_testimonial_item\">\n                \t\t\t\t<div class=\"sc_testimonial_content\"><h5>Zentralnahe Unterkunft mit abgeschlossenem Privatparkplatz im Innenhof<\/h5>\n<p>Wir haben eine Nacht im Gourmet B&amp;B Villa Landucci verbracht und waren begeistert. Unser Auto konnten wir im abgeschlossenen Privatparkplatz im Innenhof parken. Check In mitten in der Nacht verlief reibungslos. Genaue Angaben zum Verlauf wurden uns per Mail zugestellt und wir konnten reibungslos nach unserer langen Anfahrt ins bequeme Bett h\u00fcpfen. Das Zentrum von Florenz kann zu Fu\u00df (15 - 20 Minuten) ebenso erreicht werden. In der N\u00e4he w\u00e4re auch eine Bushaltestelle. Erstklassiges Fr\u00fchst\u00fcckbuffet, es fehlt an nichts (im Preis inkl.) Das Zimmer \u00fcberzeugte mit viel Platz, stilvoller Einrichtung im passendem Gourmet Dekoration. Die 5 Zimmer wurden nach Weinguten benannt anstatt Nummern Ein weiterer Besuch in diesem B&amp;B ist nicht ausgeschlossen - Faires Preis Leistungsverh\u00e4ltnis. Mille Grazie!<\/p>\n<\/div>\n\t\t\t\t\t\t\t\t<div class=\"sc_testimonial_author\"><span class=\"sc_testimonial_author_name\">angiekruger<\/span><\/div>\n\t\t\t\t\t\t\t<\/div>\n\t\t<\/div><\/div><div class=\"sc_slider_controls_wrap\"><a class=\"sc_slider_prev\" href=\"#\"><\/a><a class=\"sc_slider_next\" href=\"#\"><\/a><\/div><div class=\"sc_slider_pagination_wrap\"><\/div><\/div><\/div><\/div>[\/vc_column][\/vc_row]<\/p>\n<\/section>","protected":false},"excerpt":{"rendered":"<p>[vc_row full_width=&#8220;stretch_row_content_no_spaces&#8220;][vc_column][rev_slider_vc alias=&#8220;home-deu2&#8243;][\/vc_column][\/vc_row][vc_row full_width=&#8220;stretch_row&#8220; el_class=&#8220;booking_engine&#8220; css=&#8220;.vc_custom_1572902910344{background-color: #f7f7f7 !important;}&#8220;][vc_column css=&#8220;.vc_custom_1572902903443{padding-top: 0px !important;}&#8220;][vc_column_text el_class=&#8220;engine&#8220;][\/vc_column_text][vc_empty_space][vc_row_inner][vc_column_inner width=&#8220;3\/4&#8243;][vc_column_text css=&#8220;.vc_custom_1574897978679{background-color: #f7f7f7 !important;}&#8220;]Das Gourmet Bed and Breakfast Villa Landucci ist aus dem Wunsch der Florence on Call geboren, da\u00df hei\u00dft ein Ort wo es m\u00f6glich ist, die Ess und Weinkultur mit dem Wissen der Stadt und der Umgebung kombinieren werden kann. [&hellip;]<\/p>\n","protected":false},"author":1,"featured_media":0,"parent":0,"menu_order":0,"comment_status":"closed","ping_status":"closed","template":"","meta":{"_monsterinsights_skip_tracking":false,"_monsterinsights_sitenote_active":false,"_monsterinsights_sitenote_note":"","_monsterinsights_sitenote_category":0,"footnotes":""},"_links":{"self":[{"href":"https:\/\/www.villalanducci.it\/de\/wp-json\/wp\/v2\/pages\/301"}],"collection":[{"href":"https:\/\/www.villalanducci.it\/de\/wp-json\/wp\/v2\/pages"}],"about":[{"href":"https:\/\/www.villalanducci.it\/de\/wp-json\/wp\/v2\/types\/page"}],"author":[{"embeddable":true,"href":"https:\/\/www.villalanducci.it\/de\/wp-json\/wp\/v2\/users\/1"}],"replies":[{"embeddable":true,"href":"https:\/\/www.villalanducci.it\/de\/wp-json\/wp\/v2\/comments?post=301"}],"version-history":[{"count":280,"href":"https:\/\/www.villalanducci.it\/de\/wp-json\/wp\/v2\/pages\/301\/revisions"}],"predecessor-version":[{"id":13633,"href":"https:\/\/www.villalanducci.it\/de\/wp-json\/wp\/v2\/pages\/301\/revisions\/13633"}],"wp:attachment":[{"href":"https:\/\/www.villalanducci.it\/de\/wp-json\/wp\/v2\/media?parent=301"}],"curies":[{"name":"wp","href":"https:\/\/api.w.org\/{rel}","templated":true}]}}